{"id":2,"date":"2023-05-20T22:40:04","date_gmt":"2023-05-20T22:40:04","guid":{"rendered":"https:\/\/aacconline.org.ar\/formulario\/?page_id=2"},"modified":"2026-03-20T19:45:23","modified_gmt":"2026-03-20T19:45:23","slug":"sample-page","status":"publish","type":"page","link":"https:\/\/aacconline.org.ar\/formulario\/","title":{"rendered":"Formulario de solicitud de miembro"},"content":{"rendered":"\t\t<div data-elementor-type=\"wp-page\" data-elementor-id=\"2\" class=\"elementor elementor-2\" data-elementor-post-type=\"page\">\n\t\t\t\t\t\t<section class=\"elementor-section elementor-top-section elementor-element elementor-element-07df1e6 elementor-section-boxed elementor-section-height-default elementor-section-height-default\" data-id=\"07df1e6\" data-element_type=\"section\" data-e-type=\"section\">\n\t\t\t\t\t\t<div class=\"elementor-container elementor-column-gap-default\">\n\t\t\t\t\t<div class=\"elementor-column elementor-col-100 elementor-top-column elementor-element elementor-element-32b3a77\" data-id=\"32b3a77\" data-element_type=\"column\" data-e-type=\"column\">\n\t\t\t<div class=\"elementor-widget-wrap elementor-element-populated\">\n\t\t\t\t\t\t<div class=\"elementor-element elementor-element-5bbf7ab elementor-widget elementor-widget-text-editor\" data-id=\"5bbf7ab\" data-element_type=\"widget\" data-e-type=\"widget\" data-widget_type=\"text-editor.default\">\n\t\t\t\t<div class=\"elementor-widget-container\">\n\t\t\t\t\t\t\t\t\t<p>\u00a1Bienvenido\/a a la Asociaci\u00f3n Argentina de Ciencias del Comportamiento!<br \/><b>Complete este formulario para realizar su solicitud para poder participar como miembro de la AACC<\/b>.<\/p><p>La asociaci\u00f3n integra distintos profesionales de ciencias del comportamiento, entre los cuales se incluyen psic\u00f3logos, musicoterapeutas, terapistas ocupacionales, psicopedagogos, bi\u00f3logos, m\u00e9dicos, veterinarios, economistas, etc. Se fundamenta en la Psicolog\u00eda Basada en la Evidencia, y es un espacio donde los distintos profesionales y\/o estudiantes avanzados podemos mantenernos en contacto y actualizarnos sobre los diversos avances cient\u00edficos.<br \/>Ser miembro permite acceder a seminarios, webinars, asamblas anuales, el congreso internacional de la asociaci\u00f3n, entre otros beneficios.<\/p><div><span style=\"color: var( --e-global-color-text ); font-family: var( --e-global-typography-text-font-family ), Sans-serif; font-weight: var( --e-global-typography-text-font-weight ); font-size: 1rem;\">Les recordamos que completar este formulario es para solicitar el pedido de incorporaci\u00f3n, para ser miembro de la asociaci\u00f3n tiene que recibir una notificaci\u00f3n de la delegaci\u00f3n de su regi\u00f3n y enviar el comprobante de pago.<\/span><\/div><div>\u00a0<\/div><div>M\u00e1s info en:<\/div><div><a href=\"https:\/\/aacconline.org.ar\/membresia\/como-hacerse-socio\/\">https:\/\/aacconline.org.ar\/membresia\/como-hacerse-socio\/<\/a><\/div>\t\t\t\t\t\t\t\t<\/div>\n\t\t\t\t<\/div>\n\t\t\t\t\t<\/div>\n\t\t<\/div>\n\t\t\t\t\t<\/div>\n\t\t<\/section>\n\t\t\t\t<section class=\"elementor-section elementor-top-section elementor-element elementor-element-6948ebd elementor-section-boxed elementor-section-height-default elementor-section-height-default\" data-id=\"6948ebd\" data-element_type=\"section\" data-e-type=\"section\">\n\t\t\t\t\t\t<div class=\"elementor-container elementor-column-gap-default\">\n\t\t\t\t\t<div class=\"elementor-column elementor-col-100 elementor-top-column elementor-element elementor-element-363d963\" data-id=\"363d963\" data-element_type=\"column\" data-e-type=\"column\">\n\t\t\t<div class=\"elementor-widget-wrap elementor-element-populated\">\n\t\t\t\t\t\t<div class=\"elementor-element elementor-element-49559c9 elementor-button-align-stretch elementor-widget elementor-widget-form\" data-id=\"49559c9\" data-element_type=\"widget\" data-e-type=\"widget\" data-settings=\"{&quot;step_next_label&quot;:&quot;Pr\\u00f3ximo&quot;,&quot;step_previous_label&quot;:&quot;Anterior&quot;,&quot;button_width&quot;:&quot;100&quot;,&quot;step_type&quot;:&quot;number_text&quot;,&quot;step_icon_shape&quot;:&quot;circle&quot;}\" data-widget_type=\"form.default\">\n\t\t\t\t<div class=\"elementor-widget-container\">\n\t\t\t\t\t\t\t<form class=\"elementor-form\" method=\"post\" name=\"Formulario de solicitud de miembro\" aria-label=\"Formulario de solicitud de miembro\">\n\t\t\t<input type=\"hidden\" name=\"post_id\" value=\"2\"\/>\n\t\t\t<input type=\"hidden\" name=\"form_id\" value=\"49559c9\"\/>\n\t\t\t<input type=\"hidden\" name=\"referer_title\" value=\"\" \/>\n\n\t\t\t\n\t\t\t<div class=\"elementor-form-fields-wrapper elementor-labels-above\">\n\t\t\t\t\t\t\t\t<div class=\"elementor-field-type-text elementor-field-group elementor-column elementor-field-group-name elementor-col-100 elementor-field-required elementor-mark-required\">\n\t\t\t\t\t\t\t\t\t\t\t\t<label for=\"form-field-name\" class=\"elementor-field-label\">\n\t\t\t\t\t\t\t\tNombre\t\t\t\t\t\t\t<\/label>\n\t\t\t\t\t\t\t\t\t\t\t\t\t\t<input size=\"1\" type=\"text\" name=\"form_fields[name]\" id=\"form-field-name\" class=\"elementor-field elementor-size-md  elementor-field-textual\" required=\"required\">\n\t\t\t\t\t\t\t\t\t\t\t<\/div>\n\t\t\t\t\t\t\t\t<div class=\"elementor-field-type-text elementor-field-group elementor-column elementor-field-group-field_569445c elementor-col-100 elementor-field-required elementor-mark-required\">\n\t\t\t\t\t\t\t\t\t\t\t\t<label for=\"form-field-field_569445c\" class=\"elementor-field-label\">\n\t\t\t\t\t\t\t\tApellido\t\t\t\t\t\t\t<\/label>\n\t\t\t\t\t\t\t\t\t\t\t\t\t\t<input size=\"1\" type=\"text\" name=\"form_fields[field_569445c]\" id=\"form-field-field_569445c\" class=\"elementor-field elementor-size-md  elementor-field-textual\" required=\"required\">\n\t\t\t\t\t\t\t\t\t\t\t<\/div>\n\t\t\t\t\t\t\t\t<div class=\"elementor-field-type-text elementor-field-group elementor-column elementor-field-group-field_de28bde elementor-col-100 elementor-field-required elementor-mark-required\">\n\t\t\t\t\t\t\t\t\t\t\t\t<label for=\"form-field-field_de28bde\" class=\"elementor-field-label\">\n\t\t\t\t\t\t\t\tNacionalidad\t\t\t\t\t\t\t<\/label>\n\t\t\t\t\t\t\t\t\t\t\t\t\t\t<input size=\"1\" type=\"text\" name=\"form_fields[field_de28bde]\" id=\"form-field-field_de28bde\" class=\"elementor-field elementor-size-md  elementor-field-textual\" required=\"required\">\n\t\t\t\t\t\t\t\t\t\t\t<\/div>\n\t\t\t\t\t\t\t\t<div class=\"elementor-field-type-text elementor-field-group elementor-column elementor-field-group-field_96c4f13 elementor-col-100 elementor-field-required elementor-mark-required\">\n\t\t\t\t\t\t\t\t\t\t\t\t<label for=\"form-field-field_96c4f13\" class=\"elementor-field-label\">\n\t\t\t\t\t\t\t\tDocumento de identidad \t\t\t\t\t\t\t<\/label>\n\t\t\t\t\t\t\t\t\t\t\t\t\t\t<input size=\"1\" type=\"text\" name=\"form_fields[field_96c4f13]\" id=\"form-field-field_96c4f13\" class=\"elementor-field elementor-size-md  elementor-field-textual\" placeholder=\"Indique su DNI en n\u00fameros\" required=\"required\">\n\t\t\t\t\t\t\t\t\t\t\t<\/div>\n\t\t\t\t\t\t\t\t<div class=\"elementor-field-type-text elementor-field-group elementor-column elementor-field-group-field_d61e841 elementor-col-100\">\n\t\t\t\t\t\t\t\t\t\t\t\t<label for=\"form-field-field_d61e841\" class=\"elementor-field-label\">\n\t\t\t\t\t\t\t\tEdad\t\t\t\t\t\t\t<\/label>\n\t\t\t\t\t\t\t\t\t\t\t\t\t\t<input size=\"1\" type=\"text\" name=\"form_fields[field_d61e841]\" id=\"form-field-field_d61e841\" class=\"elementor-field elementor-size-md  elementor-field-textual\" placeholder=\"Indique su edad en n\u00fameros\">\n\t\t\t\t\t\t\t\t\t\t\t<\/div>\n\t\t\t\t\t\t\t\t<div class=\"elementor-field-type-text elementor-field-group elementor-column elementor-field-group-field_fbd5437 elementor-col-100\">\n\t\t\t\t\t\t\t\t\t\t\t\t<label for=\"form-field-field_fbd5437\" class=\"elementor-field-label\">\n\t\t\t\t\t\t\t\tDomicilio\t\t\t\t\t\t\t<\/label>\n\t\t\t\t\t\t\t\t\t\t\t\t\t\t<input size=\"1\" type=\"text\" name=\"form_fields[field_fbd5437]\" id=\"form-field-field_fbd5437\" class=\"elementor-field elementor-size-md  elementor-field-textual\">\n\t\t\t\t\t\t\t\t\t\t\t<\/div>\n\t\t\t\t\t\t\t\t<div class=\"elementor-field-type-text elementor-field-group elementor-column elementor-field-group-field_e32e091 elementor-col-100 elementor-field-required elementor-mark-required\">\n\t\t\t\t\t\t\t\t\t\t\t\t<label for=\"form-field-field_e32e091\" class=\"elementor-field-label\">\n\t\t\t\t\t\t\t\tDisciplina o \u00c1rea de Actividad\t\t\t\t\t\t\t<\/label>\n\t\t\t\t\t\t\t\t\t\t\t\t\t\t<input size=\"1\" type=\"text\" name=\"form_fields[field_e32e091]\" id=\"form-field-field_e32e091\" class=\"elementor-field elementor-size-md  elementor-field-textual\" required=\"required\">\n\t\t\t\t\t\t\t\t\t\t\t<\/div>\n\t\t\t\t\t\t\t\t<div class=\"elementor-field-type-text elementor-field-group elementor-column elementor-field-group-field_83cb173 elementor-col-100 elementor-field-required elementor-mark-required\">\n\t\t\t\t\t\t\t\t\t\t\t\t<label for=\"form-field-field_83cb173\" class=\"elementor-field-label\">\n\t\t\t\t\t\t\t\tLocalidad\t\t\t\t\t\t\t<\/label>\n\t\t\t\t\t\t\t\t\t\t\t\t\t\t<input size=\"1\" type=\"text\" name=\"form_fields[field_83cb173]\" id=\"form-field-field_83cb173\" class=\"elementor-field elementor-size-md  elementor-field-textual\" required=\"required\">\n\t\t\t\t\t\t\t\t\t\t\t<\/div>\n\t\t\t\t\t\t\t\t<div class=\"elementor-field-type-text elementor-field-group elementor-column elementor-field-group-field_5c9b4e7 elementor-col-100 elementor-field-required elementor-mark-required\">\n\t\t\t\t\t\t\t\t\t\t\t\t<label for=\"form-field-field_5c9b4e7\" class=\"elementor-field-label\">\n\t\t\t\t\t\t\t\tTel\u00e9fono o n\u00famero de celular\t\t\t\t\t\t\t<\/label>\n\t\t\t\t\t\t\t\t\t\t\t\t\t\t<input size=\"1\" type=\"text\" name=\"form_fields[field_5c9b4e7]\" id=\"form-field-field_5c9b4e7\" class=\"elementor-field elementor-size-md  elementor-field-textual\" required=\"required\">\n\t\t\t\t\t\t\t\t\t\t\t<\/div>\n\t\t\t\t\t\t\t\t<div class=\"elementor-field-type-email elementor-field-group elementor-column elementor-field-group-email elementor-col-100 elementor-field-required elementor-mark-required\">\n\t\t\t\t\t\t\t\t\t\t\t\t<label for=\"form-field-email\" class=\"elementor-field-label\">\n\t\t\t\t\t\t\t\tEmail\t\t\t\t\t\t\t<\/label>\n\t\t\t\t\t\t\t\t\t\t\t\t\t\t<input size=\"1\" type=\"email\" name=\"form_fields[email]\" id=\"form-field-email\" class=\"elementor-field elementor-size-md  elementor-field-textual\" placeholder=\"Email\" required=\"required\">\n\t\t\t\t\t\t\t\t\t\t\t<\/div>\n\t\t\t\t\t\t\t\t<div class=\"elementor-field-type-text elementor-field-group elementor-column elementor-field-group-field_f8c1d24 elementor-col-100 elementor-field-required elementor-mark-required\">\n\t\t\t\t\t\t\t\t\t\t\t\t<label for=\"form-field-field_f8c1d24\" class=\"elementor-field-label\">\n\t\t\t\t\t\t\t\tT\u00edtulo de Grado o carrera en curso\t\t\t\t\t\t\t<\/label>\n\t\t\t\t\t\t\t\t\t\t\t\t\t\t<input size=\"1\" type=\"text\" name=\"form_fields[field_f8c1d24]\" id=\"form-field-field_f8c1d24\" class=\"elementor-field elementor-size-md  elementor-field-textual\" required=\"required\">\n\t\t\t\t\t\t\t\t\t\t\t<\/div>\n\t\t\t\t\t\t\t\t<div class=\"elementor-field-type-text elementor-field-group elementor-column elementor-field-group-message elementor-col-100\">\n\t\t\t\t\t\t\t\t\t\t\t\t<label for=\"form-field-message\" class=\"elementor-field-label\">\n\t\t\t\t\t\t\t\tSi su carrera de grado se encuentra en curso, por favor indique en qu\u00e9 tramo de la carrera se encuentra\t\t\t\t\t\t\t<\/label>\n\t\t\t\t\t\t\t\t\t\t\t\t\t\t<input size=\"1\" type=\"text\" name=\"form_fields[message]\" id=\"form-field-message\" class=\"elementor-field elementor-size-md  elementor-field-textual\">\n\t\t\t\t\t\t\t\t\t\t\t<\/div>\n\t\t\t\t\t\t\t\t<div class=\"elementor-field-type-text elementor-field-group elementor-column elementor-field-group-field_5ce379f elementor-col-100\">\n\t\t\t\t\t\t\t\t\t\t\t\t<label for=\"form-field-field_5ce379f\" class=\"elementor-field-label\">\n\t\t\t\t\t\t\t\tInstituci\u00f3n de Trabajo Principal\t\t\t\t\t\t\t<\/label>\n\t\t\t\t\t\t\t\t\t\t\t\t\t\t<input size=\"1\" type=\"text\" name=\"form_fields[field_5ce379f]\" id=\"form-field-field_5ce379f\" class=\"elementor-field elementor-size-md  elementor-field-textual\">\n\t\t\t\t\t\t\t\t\t\t\t<\/div>\n\t\t\t\t\t\t\t\t<div class=\"elementor-field-type-text elementor-field-group elementor-column elementor-field-group-field_5017abe elementor-col-100\">\n\t\t\t\t\t\t\t\t\t\t\t\t<label for=\"form-field-field_5017abe\" class=\"elementor-field-label\">\n\t\t\t\t\t\t\t\tDirecci\u00f3n de la Instituci\u00f3n donde trabaja\t\t\t\t\t\t\t<\/label>\n\t\t\t\t\t\t\t\t\t\t\t\t\t\t<input size=\"1\" type=\"text\" name=\"form_fields[field_5017abe]\" id=\"form-field-field_5017abe\" class=\"elementor-field elementor-size-md  elementor-field-textual\">\n\t\t\t\t\t\t\t\t\t\t\t<\/div>\n\t\t\t\t\t\t\t\t<div class=\"elementor-field-type-text elementor-field-group elementor-column elementor-field-group-field_a5c8995 elementor-col-100\">\n\t\t\t\t\t\t\t\t\t\t\t\t<label for=\"form-field-field_a5c8995\" class=\"elementor-field-label\">\n\t\t\t\t\t\t\t\tT\u00edtulo de Posgrado\t\t\t\t\t\t\t<\/label>\n\t\t\t\t\t\t\t\t\t\t\t\t\t\t<input size=\"1\" type=\"text\" name=\"form_fields[field_a5c8995]\" id=\"form-field-field_a5c8995\" class=\"elementor-field elementor-size-md  elementor-field-textual\">\n\t\t\t\t\t\t\t\t\t\t\t<\/div>\n\t\t\t\t\t\t\t\t<div class=\"elementor-field-type-text elementor-field-group elementor-column elementor-field-group-field_97a8ec8 elementor-col-100\">\n\t\t\t\t\t\t\t\t\t\t\t\t<label for=\"form-field-field_97a8ec8\" class=\"elementor-field-label\">\n\t\t\t\t\t\t\t\tTel\u00e9fono de la Instituci\u00f3n donde trabaja\t\t\t\t\t\t\t<\/label>\n\t\t\t\t\t\t\t\t\t\t\t\t\t\t<input size=\"1\" type=\"text\" name=\"form_fields[field_97a8ec8]\" id=\"form-field-field_97a8ec8\" class=\"elementor-field elementor-size-md  elementor-field-textual\">\n\t\t\t\t\t\t\t\t\t\t\t<\/div>\n\t\t\t\t\t\t\t\t<div class=\"elementor-field-type-select elementor-field-group elementor-column elementor-field-group-field_dd1796c elementor-col-100 elementor-field-required elementor-mark-required\">\n\t\t\t\t\t\t\t\t\t\t\t\t<label for=\"form-field-field_dd1796c\" class=\"elementor-field-label\">\n\t\t\t\t\t\t\t\tCategor\u00eda de socio a la que se postula :\t\t\t\t\t\t\t<\/label>\n\t\t\t\t\t\t\t\t<div class=\"elementor-field elementor-select-wrapper remove-before \">\n\t\t\t<div class=\"select-caret-down-wrapper\">\n\t\t\t\t<i aria-hidden=\"true\" class=\"eicon-caret-down\"><\/i>\t\t\t<\/div>\n\t\t\t<select name=\"form_fields[field_dd1796c]\" id=\"form-field-field_dd1796c\" class=\"elementor-field-textual elementor-size-md\" required=\"required\">\n\t\t\t\t\t\t\t\t\t<option value=\"\"><\/option>\n\t\t\t\t\t\t\t\t\t<option value=\"Adherente\">Adherente<\/option>\n\t\t\t\t\t\t\t\t\t<option value=\"Estudiante de Grado (aplica para estudiantes en formaci\u00f3n de Grado)\">Estudiante de Grado (aplica para estudiantes en formaci\u00f3n de Grado)<\/option>\n\t\t\t\t\t\t\t<\/select>\n\t\t<\/div>\n\t\t\t\t\t\t<\/div>\n\t\t\t\t\t\t\t\t<div class=\"elementor-field-type-select elementor-field-group elementor-column elementor-field-group-field_8f46778 elementor-col-100 elementor-field-required elementor-mark-required\">\n\t\t\t\t\t\t\t\t\t\t\t\t<label for=\"form-field-field_8f46778\" class=\"elementor-field-label\">\n\t\t\t\t\t\t\t\t\u00bfConoce dos miembro de la AACC que avale su solicitud?\t\t\t\t\t\t\t<\/label>\n\t\t\t\t\t\t\t\t<div class=\"elementor-field elementor-select-wrapper remove-before \">\n\t\t\t<div class=\"select-caret-down-wrapper\">\n\t\t\t\t<i aria-hidden=\"true\" class=\"eicon-caret-down\"><\/i>\t\t\t<\/div>\n\t\t\t<select name=\"form_fields[field_8f46778]\" id=\"form-field-field_8f46778\" class=\"elementor-field-textual elementor-size-md\" required=\"required\">\n\t\t\t\t\t\t\t\t\t<option value=\"\"><\/option>\n\t\t\t\t\t\t\t\t\t<option value=\"SI\">SI<\/option>\n\t\t\t\t\t\t\t\t\t<option value=\"NO\">NO<\/option>\n\t\t\t\t\t\t\t<\/select>\n\t\t<\/div>\n\t\t\t\t\t\t<\/div>\n\t\t\t\t\t\t\t\t<div class=\"elementor-field-type-text elementor-field-group elementor-column elementor-field-group-field_a75b39e elementor-col-100\">\n\t\t\t\t\t\t\t\t\t\t\t\t<label for=\"form-field-field_a75b39e\" class=\"elementor-field-label\">\n\t\t\t\t\t\t\t\tEn caso de presentar dos avales, indique el nombre del\/de la primer\/a socio\/a que avalan su solicitud\t\t\t\t\t\t\t<\/label>\n\t\t\t\t\t\t\t\t\t\t\t\t\t\t<input size=\"1\" type=\"text\" name=\"form_fields[field_a75b39e]\" id=\"form-field-field_a75b39e\" class=\"elementor-field elementor-size-md  elementor-field-textual\" placeholder=\"Nombre del socio aval\">\n\t\t\t\t\t\t\t\t\t\t\t<\/div>\n\t\t\t\t\t\t\t\t<div class=\"elementor-field-type-text elementor-field-group elementor-column elementor-field-group-field_b5708c7 elementor-col-100\">\n\t\t\t\t\t\t\t\t\t\t\t\t<label for=\"form-field-field_b5708c7\" class=\"elementor-field-label\">\n\t\t\t\t\t\t\t\tEn caso de presentar dos avales, indique el nombre del\/de la segundo\/a socio\/a que avala su solicitud\t\t\t\t\t\t\t<\/label>\n\t\t\t\t\t\t\t\t\t\t\t\t\t\t<input size=\"1\" type=\"text\" name=\"form_fields[field_b5708c7]\" id=\"form-field-field_b5708c7\" class=\"elementor-field elementor-size-md  elementor-field-textual\" placeholder=\"Nombre del socio aval\">\n\t\t\t\t\t\t\t\t\t\t\t<\/div>\n\t\t\t\t\t\t\t\t<div class=\"elementor-field-type-upload elementor-field-group elementor-column elementor-field-group-field_c4fbf5d elementor-col-100 elementor-field-required elementor-mark-required\">\n\t\t\t\t\t\t\t\t\t\t\t\t<label for=\"form-field-field_c4fbf5d\" class=\"elementor-field-label\">\n\t\t\t\t\t\t\t\tAdjuntar CV  (Curriculum vitae)\t\t\t\t\t\t\t<\/label>\n\t\t\t\t\t\t\t\t<input type=\"file\" name=\"form_fields[field_c4fbf5d]\" id=\"form-field-field_c4fbf5d\" class=\"elementor-field elementor-size-md  elementor-upload-field\" required=\"required\" data-maxsize=\"8\" data-maxsize-message=\"This file exceeds the maximum allowed size.\">\n\n\t\t\t\t\t\t<\/div>\n\t\t\t\t\t\t\t\t<div class=\"elementor-field-type-select elementor-field-group elementor-column elementor-field-group-delegacion elementor-col-100 elementor-field-required elementor-mark-required\">\n\t\t\t\t\t\t\t\t\t\t\t\t<label for=\"form-field-delegacion\" class=\"elementor-field-label\">\n\t\t\t\t\t\t\t\tLa AACC tiene car\u00e1cter federal, con delegaciones en las localidades que son sede de grupos de investigaci\u00f3n en el \u00e1rea. POR FAVOR, revise las delegaciones vigentes y SELECCIONE AQUELLA QUE LE CORRESPONDE\t\t\t\t\t\t\t<\/label>\n\t\t\t\t\t\t\t\t<div class=\"elementor-field elementor-select-wrapper remove-before \">\n\t\t\t<div class=\"select-caret-down-wrapper\">\n\t\t\t\t<i aria-hidden=\"true\" class=\"eicon-caret-down\"><\/i>\t\t\t<\/div>\n\t\t\t<select name=\"form_fields[delegacion]\" id=\"form-field-delegacion\" class=\"elementor-field-textual elementor-size-md\" required=\"required\">\n\t\t\t\t\t\t\t\t\t<option value=\"buenosaires@aacconline.org.ar,jesica.formoso@gmail.com, amelgier@gmail.com,flordaneri@yahoo.com,digitalmdp.ar@gmail.com\">BUENOS AIRES<\/option>\n\t\t\t\t\t\t\t\t\t<option value=\"cordoba@aacconline.org.ar,pablocorrea@unc.edu.ar,apilatti@unc.edu.ar,digitalmdp.ar@gmail.com\">C\u00d3RDOBA<\/option>\n\t\t\t\t\t\t\t\t\t<option value=\"cecilia429moreno@gmail.com,vamarnun@gmail.com, mg.luceroluis@gmail.com,digitalmdp.ar@gmail.com\">CUYO<\/option>\n\t\t\t\t\t\t\t\t\t<option value=\"entrerios-santafe@aacconline.org.ar,cinthia.balabanian@gmail.com,fatischonfeld@gmail.com,digitalmdp.ar@gmail.com\">ENTRE R\u00cdOS y SANTA FE<\/option>\n\t\t\t\t\t\t\t\t\t<option value=\"mardelplata@aacconline.org.ar,ysaydmune@gmail.com,Revollosarmientoara@gmail.com,digitalmdp.ar@gmail.com\">MAR DEL PLATA<\/option>\n\t\t\t\t\t\t\t\t\t<option value=\"misiones@aacconline.org.ar,sochemisquy@gmail.com,alejandrasadaniowski@gmail.com,digitalmdp.ar@gmail.com\">MISIONES<\/option>\n\t\t\t\t\t\t\t\t\t<option value=\"tucuman@aacconline.org.ar,betinalacu@hotmail.com,licmarive@yahoo.com.ar,digitalmdp.ar@gmail.com\">NOA<\/option>\n\t\t\t\t\t\t\t\t\t<option value=\"rionegro@aacconline.org.ar,ventura.ana.c@gmail.com,digitalmdp.ar@gmail.com\">R\u00cdO NEGRO<\/option>\n\t\t\t\t\t\t\t\t\t<option value=\"rosario@aacconline.org.ar,sebastianmanuel.gabini@uai.edu.ar,digitalmdp.ar@gmail.com\">ROSARIO<\/option>\n\t\t\t\t\t\t\t<\/select>\n\t\t<\/div>\n\t\t\t\t\t\t<\/div>\n\t\t\t\t\t\t\t\t<div class=\"elementor-field-group elementor-column elementor-field-type-submit elementor-col-100 e-form__buttons\">\n\t\t\t\t\t<button class=\"elementor-button elementor-size-sm\" type=\"submit\">\n\t\t\t\t\t\t<span class=\"elementor-button-content-wrapper\">\n\t\t\t\t\t\t\t\t\t\t\t\t\t\t\t\t\t\t\t\t\t\t<span class=\"elementor-button-text\">ENVIAR<\/span>\n\t\t\t\t\t\t\t\t\t\t\t\t\t<\/span>\n\t\t\t\t\t<\/button>\n\t\t\t\t<\/div>\n\t\t\t<\/div>\n\t\t<\/form>\n\t\t\t\t\t\t<\/div>\n\t\t\t\t<\/div>\n\t\t\t\t\t<\/div>\n\t\t<\/div>\n\t\t\t\t\t<\/div>\n\t\t<\/section>\n\t\t\t\t<\/div>\n\t\t","protected":false},"excerpt":{"rendered":"<p>\u00a1Bienvenido\/a a la Asociaci\u00f3n Argentina de Ciencias del Comportamiento!Complete este formulario para realizar su solicitud para poder participar como miembro de la AACC. La asociaci\u00f3n integra distintos profesionales de ciencias del comportamiento, entre los cuales se incluyen psic\u00f3logos, musicoterapeutas, terapistas ocupacionales, psicopedagogos, bi\u00f3logos, m\u00e9dicos, veterinarios, economistas, etc. Se fundamenta en la Psicolog\u00eda Basada en la [&hellip;]<\/p>\n","protected":false},"author":1,"featured_media":0,"parent":0,"menu_order":0,"comment_status":"closed","ping_status":"open","template":"","meta":{"footnotes":""},"class_list":["post-2","page","type-page","status-publish","hentry"],"_links":{"self":[{"href":"https:\/\/aacconline.org.ar\/formulario\/index.php\/wp-json\/wp\/v2\/pages\/2","targetHints":{"allow":["GET"]}}],"collection":[{"href":"https:\/\/aacconline.org.ar\/formulario\/index.php\/wp-json\/wp\/v2\/pages"}],"about":[{"href":"https:\/\/aacconline.org.ar\/formulario\/index.php\/wp-json\/wp\/v2\/types\/page"}],"author":[{"embeddable":true,"href":"https:\/\/aacconline.org.ar\/formulario\/index.php\/wp-json\/wp\/v2\/users\/1"}],"replies":[{"embeddable":true,"href":"https:\/\/aacconline.org.ar\/formulario\/index.php\/wp-json\/wp\/v2\/comments?post=2"}],"version-history":[{"count":121,"href":"https:\/\/aacconline.org.ar\/formulario\/index.php\/wp-json\/wp\/v2\/pages\/2\/revisions"}],"predecessor-version":[{"id":162,"href":"https:\/\/aacconline.org.ar\/formulario\/index.php\/wp-json\/wp\/v2\/pages\/2\/revisions\/162"}],"wp:attachment":[{"href":"https:\/\/aacconline.org.ar\/formulario\/index.php\/wp-json\/wp\/v2\/media?parent=2"}],"curies":[{"name":"wp","href":"https:\/\/api.w.org\/{rel}","templated":true}]}}